{"id":6,"date":"2024-07-05T17:16:22","date_gmt":"2024-07-05T17:16:22","guid":{"rendered":"http:\/\/www.officeonn.com\/?page_id=6"},"modified":"2024-07-05T17:16:22","modified_gmt":"2024-07-05T17:16:22","slug":"giris","status":"publish","type":"page","link":"http:\/\/www.officeonn.com\/","title":{"rendered":"Giri\u015f"},"content":{"rendered":"\n<p>Sitenize ho\u015f geldiniz! Buras\u0131 sizin giri\u015f sayfan\u0131zd\u0131r. Ziyaret\u00e7ilerinizin \u00e7o\u011fu sitenize geldi\u011finde ilk olarak bu sayfay\u0131 g\u00f6r\u00fcr.<\/p>\n","protected":false},"excerpt":{"rendered":"<p>Sitenize ho\u015f geldiniz! Buras\u0131 sizin giri\u015f sayfan\u0131zd\u0131r. Ziyaret\u00e7ilerinizin \u00e7o\u011fu sitenize geldi\u011finde ilk olarak bu sayfay\u0131 g\u00f6r\u00fcr.<\/p>\n","protected":false},"author":1,"featured_media":0,"parent":0,"menu_order":0,"comment_status":"closed","ping_status":"closed","template":"","meta":{"footnotes":""},"class_list":["post-6","page","type-page","status-publish","hentry"],"_links":{"self":[{"href":"http:\/\/www.officeonn.com\/index.php?rest_route=\/wp\/v2\/pages\/6"}],"collection":[{"href":"http:\/\/www.officeonn.com\/index.php?rest_route=\/wp\/v2\/pages"}],"about":[{"href":"http:\/\/www.officeonn.com\/index.php?rest_route=\/wp\/v2\/types\/page"}],"author":[{"embeddable":true,"href":"http:\/\/www.officeonn.com\/index.php?rest_route=\/wp\/v2\/users\/1"}],"replies":[{"embeddable":true,"href":"http:\/\/www.officeonn.com\/index.php?rest_route=%2Fwp%2Fv2%2Fcomments&post=6"}],"version-history":[{"count":1,"href":"http:\/\/www.officeonn.com\/index.php?rest_route=\/wp\/v2\/pages\/6\/revisions"}],"predecessor-version":[{"id":13,"href":"http:\/\/www.officeonn.com\/index.php?rest_route=\/wp\/v2\/pages\/6\/revisions\/13"}],"wp:attachment":[{"href":"http:\/\/www.officeonn.com\/index.php?rest_route=%2Fwp%2Fv2%2Fmedia&parent=6"}],"curies":[{"name":"wp","href":"https:\/\/api.w.org\/{rel}","templated":true}]}}