{"id":8,"date":"2024-07-05T17:16:22","date_gmt":"2024-07-05T17:16:22","guid":{"rendered":"http:\/\/www.officeonn.com\/?page_id=8"},"modified":"2024-07-05T17:16:22","modified_gmt":"2024-07-05T17:16:22","slug":"hakkimizda","status":"publish","type":"page","link":"http:\/\/www.officeonn.com\/?page_id=8","title":{"rendered":"Hakk\u0131m\u0131zda"},"content":{"rendered":"\n<p>Kendini ve i\u015flerini tan\u0131tmak isteyen bir sanat\u00e7\u0131 olabilece\u011finiz gibi misyonunu a\u00e7\u0131klamak isteyen bir firma da olabilirsiniz.<\/p>\n","protected":false},"excerpt":{"rendered":"<p>Kendini ve i\u015flerini tan\u0131tmak isteyen bir sanat\u00e7\u0131 olabilece\u011finiz gibi misyonunu a\u00e7\u0131klamak isteyen bir firma da olabilirsiniz.<\/p>\n","protected":false},"author":1,"featured_media":0,"parent":0,"menu_order":0,"comment_status":"closed","ping_status":"closed","template":"","meta":{"footnotes":""},"class_list":["post-8","page","type-page","status-publish","hentry"],"_links":{"self":[{"href":"http:\/\/www.officeonn.com\/index.php?rest_route=\/wp\/v2\/pages\/8"}],"collection":[{"href":"http:\/\/www.officeonn.com\/index.php?rest_route=\/wp\/v2\/pages"}],"about":[{"href":"http:\/\/www.officeonn.com\/index.php?rest_route=\/wp\/v2\/types\/page"}],"author":[{"embeddable":true,"href":"http:\/\/www.officeonn.com\/index.php?rest_route=\/wp\/v2\/users\/1"}],"replies":[{"embeddable":true,"href":"http:\/\/www.officeonn.com\/index.php?rest_route=%2Fwp%2Fv2%2Fcomments&post=8"}],"version-history":[{"count":1,"href":"http:\/\/www.officeonn.com\/index.php?rest_route=\/wp\/v2\/pages\/8\/revisions"}],"predecessor-version":[{"id":15,"href":"http:\/\/www.officeonn.com\/index.php?rest_route=\/wp\/v2\/pages\/8\/revisions\/15"}],"wp:attachment":[{"href":"http:\/\/www.officeonn.com\/index.php?rest_route=%2Fwp%2Fv2%2Fmedia&parent=8"}],"curies":[{"name":"wp","href":"https:\/\/api.w.org\/{rel}","templated":true}]}}